{"id":25,"date":"2021-01-01T14:45:30","date_gmt":"2021-01-01T13:45:30","guid":{"rendered":"http:\/\/vpp4islands.eu\/?page_id=25"},"modified":"2024-08-22T22:41:39","modified_gmt":"2024-08-22T20:41:39","slug":"demo-site","status":"publish","type":"page","link":"https:\/\/vpp4islands.eu\/index.php\/demo-site\/","title":{"rendered":"DEMO SITES"},"content":{"rendered":"<p><section class=\"fw-main-row  #use-case-1 section-bg-image-parallax\" style=\"background-color:#bcd0ae;background-image:url(http:\/\/vpp4islands.eu\/wp-content\/uploads\/2021\/02\/DLT2-1.png);background-position: center center;background-repeat: repeat;background-attachment:scroll;background-size:cover;\" >\n\t<span class=\"bg-image-overlay \" style=\"background-color:#41d4d6;\"><\/span>\n\t<div class=\"fw-container-fluid-no unyson_fullwidth\">\n\t\t\t\t<div class=\"container has-container\">\n\t\t\t\t<div class=\"fw-row\">\n\t<div class=\"fw-col-xs-12   \"  >\n\t<p id=\"demo-site-1\">\u00a0<\/p><h2 style=\"text-align: center;\"><strong>DEMO SITE 1<\/strong><\/h2><h2 style=\"text-align: center;\">Mix storage approaches: Leading G\u00f6k\u00e7eada island (UEDAS)<\/h2><p style=\"text-align: center;\">\u00a0<\/p><\/div>\n<\/div>\n\n\t\t\t\t<\/div>\n\t\t\t<\/div>\n<\/section>\n<section class=\"fw-main-row \"  >\n\t<span class=\"bg-image-overlay \" style=\"\"><\/span>\n\t<div class=\"fw-container unyson_content\">\n\t\t\t\t<div class=\"container\">\n\t\t\t\t<div class=\"fw-row\">\n\t<div class=\"fw-col-xs-12   \"  >\n\t\n\t<div class=\"fw-divider-space\" style=\"margin-top: 50px;\"><\/div>\n\n<\/div>\n<\/div>\n\n<div class=\"fw-row\">\n\t<div class=\"fw-col-xs-12 fw-col-sm-6   \"  >\n\t<span class=\"unyson-media-image\"><img src=\"https:\/\/vpp4islands.eu\/wp-content\/uploads\/2021\/03\/Ekran-Goruntusu-1090x690.png\" alt=\"https:\/\/vpp4islands.eu\/wp-content\/uploads\/2021\/03\/Ekran-Goruntusu-1090x690.png\" width=\"1090\" height=\"690\" \/><\/span><\/div>\n<div class=\"fw-col-xs-12 fw-col-sm-6   \"  >\n\t<p>&nbsp;<\/p><p style=\"text-align: justify;\">G\u00f6k\u00e7eada Island is connected with submarine cable to mainland. The consumption demand of G\u00f6k\u00e7eada island is 6 MWh. The energy production capacity installed within this island is 1,8 MWh. The production capacities are guaranteed by two 900 kW capacity wind turbine, 10 kW solar power plant in operation, one 200 kW solar power under construction. As a contingency plan, in case of disfunction of submarine cable to supply the island with electricity, UEDAS has 4x770 kVA diesel generators. The settlement of these plants is presented in the figure In order to improve G\u00f6kceada island smart grid stability, and monitoring, a 50kW (100kWh) Energy Storage System will be installed by UEDAS along with a remote Monitoring and Control System for power plant.\u00a0<\/p><\/div>\n<\/div>\n\n<div class=\"fw-row\">\n\t<div class=\"fw-col-xs-12   \"  >\n\t\n\t<div class=\"fw-divider-space\" style=\"margin-top: 50px;\"><\/div>\n\n<\/div>\n<\/div>\n\n\t\t\t\t<\/div>\n\t\t\t<\/div>\n<\/section>\n<section class=\"fw-main-row  section-bg-image-parallax\" style=\"background-color:#eac389;background-image:url(http:\/\/vpp4islands.eu\/wp-content\/uploads\/2021\/02\/DLT2-1.png);background-position: center center;background-repeat: repeat;background-attachment:scroll;background-size:cover;\" >\n\t<span class=\"bg-image-overlay \" style=\"background-color:#41d4d6;\"><\/span>\n\t<div class=\"fw-container-fluid-no unyson_fullwidth\">\n\t\t\t\t<div class=\"container has-container\">\n\t\t\t\t<div class=\"fw-row\">\n\t<div class=\"fw-col-xs-12   \"  >\n\t<p id=\"demo-site-2\">\u00a0<\/p><h2 style=\"text-align: center;\"><strong>DEMO SITE <\/strong><strong>2<\/strong><\/h2><h2 style=\"text-align: center;\">\u00a0Building of small energy communities: Leading Formentera island (FORM)<\/h2><p>&nbsp;<\/p><\/div>\n<\/div>\n\n\t\t\t\t<\/div>\n\t\t\t<\/div>\n<\/section>\n<section class=\"fw-main-row \"  >\n\t<span class=\"bg-image-overlay \" style=\"\"><\/span>\n\t<div class=\"fw-container unyson_content\">\n\t\t\t\t<div class=\"container\">\n\t\t\t\t<div class=\"fw-row\">\n\t<div class=\"fw-col-xs-12   \"  >\n\t\n\t<div class=\"fw-divider-space\" style=\"margin-top: 50px;\"><\/div>\n\n<\/div>\n<\/div>\n\n<div class=\"fw-row\">\n\t<div class=\"fw-col-xs-12 fw-col-sm-6   \"  >\n\t<p>&nbsp;<\/p><p>&nbsp;<\/p><p style=\"text-align: justify;\">Formentera island is a small island of the Balearic island. This island is connected to Mallorca island via 2-off sea cables. of 30 kV (HVAC) (see below figure). A new double cable of 132kV is planned to be deployed by 2021. Formentera contains large solar plants with a capacity of 2MW. However, the islands needs are between 7MW in winter and 18MW during the summer. The additional energy is completed via the sea cable from non-renewable energy sources One of the particularities of Formentera island is that wind turbine are prohibits because existing local laws and regulation regarding bird\u2019s protection. Formentera is planned to become a sustainable island; therefore new large solar plants are planned to be installed under the strategy \u201cSpecial plan for the implementation of energy facilities\u201d.<\/p><\/div>\n<div class=\"fw-col-xs-12 fw-col-sm-6   \"  >\n\t<span class=\"unyson-media-image\"><img src=\"https:\/\/vpp4islands.eu\/wp-content\/uploads\/2021\/03\/Formentera2-1-900x660.png\" alt=\"https:\/\/vpp4islands.eu\/wp-content\/uploads\/2021\/03\/Formentera2-1-900x660.png\" width=\"900\" height=\"660\" \/><\/span><\/div>\n<\/div>\n\n<div class=\"fw-row\">\n\t<div class=\"fw-col-xs-12   \"  >\n\t\n\t<div class=\"fw-divider-space\" style=\"margin-top: 50px;\"><\/div>\n\n<\/div>\n<\/div>\n\n\t\t\t\t<\/div>\n\t\t\t<\/div>\n<\/section>\n<section class=\"fw-main-row  section-bg-image-parallax\" style=\"background-color:#92a7e7;background-image:url(http:\/\/vpp4islands.eu\/wp-content\/uploads\/2021\/02\/Digital.jpg);background-position: center center;background-repeat: repeat;background-attachment:scroll;background-size:cover;\" >\n\t<span class=\"bg-image-overlay \" style=\"background-color:#8ddc90;\"><\/span>\n\t<div class=\"fw-container-fluid-no unyson_fullwidth\">\n\t\t\t\t<div class=\"container has-container\">\n\t\t\t\t<div class=\"fw-row\">\n\t<div class=\"fw-col-xs-12   \"  >\n\t<p id=\"replication-1\">\u00a0<\/p><h2 id=\"use-case-5\" style=\"text-align: center;\"><strong>REPLICATION 1<\/strong><\/h2><h2 style=\"text-align: center;\">\u00a0Zero carbon Island: Follower Bozcaada island (BOZ)<\/h2><p>&nbsp;<\/p><\/div>\n<\/div>\n\n\t\t\t\t<\/div>\n\t\t\t<\/div>\n<\/section>\n<section class=\"fw-main-row \"  >\n\t<span class=\"bg-image-overlay \" style=\"\"><\/span>\n\t<div class=\"fw-container unyson_content\">\n\t\t\t\t<div class=\"container\">\n\t\t\t\t<div class=\"fw-row\">\n\t<div class=\"fw-col-xs-12   \"  >\n\t\n\t<div class=\"fw-divider-space\" style=\"margin-top: 50px;\"><\/div>\n\n<\/div>\n<\/div>\n\n<div class=\"fw-row\">\n\t<div class=\"fw-col-xs-12 fw-col-sm-6   \"  >\n\t<span class=\"unyson-media-image\"><img src=\"https:\/\/vpp4islands.eu\/wp-content\/uploads\/2021\/03\/bozcaada3-900x660.png\" alt=\"https:\/\/vpp4islands.eu\/wp-content\/uploads\/2021\/03\/bozcaada3-900x660.png\" width=\"900\" height=\"660\" \/><\/span><\/div>\n<div class=\"fw-col-xs-12 fw-col-sm-6   \"  >\n\t<p>&nbsp;<\/p><p style=\"text-align: justify;\">Bozcaada island is small island with around 3000 inhabitants. 17 wind turbines with more 10MW of nominal capacity are installed. In addition, the island is equipped with a solar installation of 20kW and 30kW wind turbine. The electricity generated by these two systems is used to electrolyze water into hydrogen. This gas is stored compressed and used later to generate energy or as fuel in hydrogen-powered cars. Thus, Bozcaada island produce 30 times more than the whole island consumption and the excess energy is fed to the mainland through a sea-cable. Based on Bozcaada high energy production the island launched a carbon free road map to be achieved by 2030. In this context Bozcaada will exploit VPP4Island platform in order to define all the needed requirements, specifications and infrastructures of a large electric vehicles integration to reduce emissions from thermal cars while ensuring the stability of the electric grid and generate economic benefits.<\/p><\/div>\n<\/div>\n\n<div class=\"fw-row\">\n\t<div class=\"fw-col-xs-12   \"  >\n\t\n\t<div class=\"fw-divider-space\" style=\"margin-top: 50px;\"><\/div>\n\n<\/div>\n<\/div>\n\n\t\t\t\t<\/div>\n\t\t\t<\/div>\n<\/section>\n<section class=\"fw-main-row  section-bg-image-parallax\" style=\"background-color:#8ddc90;background-image:url(http:\/\/vpp4islands.eu\/wp-content\/uploads\/2021\/02\/Digital.jpg);background-position: center center;background-repeat: repeat;background-attachment:scroll;background-size:cover;\" >\n\t<span class=\"bg-image-overlay \" style=\"background-color:#8ddc90;\"><\/span>\n\t<div class=\"fw-container-fluid-no unyson_fullwidth\">\n\t\t\t\t<div class=\"container has-container\">\n\t\t\t\t<div class=\"fw-row\">\n\t<div class=\"fw-col-xs-12   \"  >\n\t<p id=\"replication-2\">\u00a0<\/p><h2 id=\"use-case-5\" style=\"text-align: center;\"><strong>REPLICATION 2<\/strong><\/h2><h2 style=\"text-align: center;\">\u00a0Standalone, and Low latency communication for ECs: Follower Grado Island (Grado):<\/h2><p>&nbsp;<\/p><\/div>\n<\/div>\n\n\t\t\t\t<\/div>\n\t\t\t<\/div>\n<\/section>\n<section class=\"fw-main-row \"  >\n\t<span class=\"bg-image-overlay \" style=\"\"><\/span>\n\t<div class=\"fw-container unyson_content\">\n\t\t\t\t<div class=\"container\">\n\t\t\t\t<div class=\"fw-row\">\n\t<div class=\"fw-col-xs-12   \"  >\n\t\n\t<div class=\"fw-divider-space\" style=\"margin-top: 50px;\"><\/div>\n\n<\/div>\n<\/div>\n\n<div class=\"fw-row\">\n\t<div class=\"fw-col-xs-12 fw-col-sm-6   \"  >\n\t<p>&nbsp;<\/p><p style=\"text-align: justify;\">Standalone, and Low latency communication for ECs: Grado island is very close to mainland and it is connected to italy via a direct bridge. Grado accommodate a strong energy infrastructure including smart meter and advanced IoT system comparing with standard island. Grado wants to control the energy flow direction in the grid efficiently, abiding the IEEE standard 1459-2010 for analysing the voltage and current signals, by means of applying the suitable decision criteria using the IOT implementation. Grado wants to evaluate via VPP4Islands platform different installed IOT aided control algorithms, for scheduling the energy consumption which can be implemented by utility companies and strategy initiator. The results will be then assessed, and a replication plan will be provided with all required element for the solution initiation.<\/p><\/div>\n<div class=\"fw-col-xs-12 fw-col-sm-6   \"  >\n\t<span class=\"unyson-media-image\"><img src=\"https:\/\/vpp4islands.eu\/wp-content\/uploads\/2021\/03\/GRADO2-900x660.png\" alt=\"https:\/\/vpp4islands.eu\/wp-content\/uploads\/2021\/03\/GRADO2-900x660.png\" width=\"900\" height=\"660\" \/><\/span><\/div>\n<\/div>\n\n<div class=\"fw-row\">\n\t<div class=\"fw-col-xs-12   \"  >\n\t\n\t<div class=\"fw-divider-space\" style=\"margin-top: 50px;\"><\/div>\n\n<\/div>\n<\/div>\n\n\t\t\t\t<\/div>\n\t\t\t<\/div>\n<\/section>\n<section class=\"fw-main-row  section-bg-image-parallax\" style=\"background-color:#f7d8ab;background-image:url(http:\/\/vpp4islands.eu\/wp-content\/uploads\/2021\/02\/Digital.jpg);background-position: center center;background-repeat: repeat;background-attachment:scroll;background-size:cover;\" >\n\t<span class=\"bg-image-overlay \" style=\"background-color:#8ddc90;\"><\/span>\n\t<div class=\"fw-container-fluid-no unyson_fullwidth\">\n\t\t\t\t<div class=\"container has-container\">\n\t\t\t\t<div class=\"fw-row\">\n\t<div class=\"fw-col-xs-12   \"  >\n\t<p id=\"replication-3\">\u00a0<\/p><h2 id=\"use-case-5\" style=\"text-align: center;\"><strong>REPLICATION 3<\/strong><\/h2><h2 style=\"text-align: center;\">District heating system: Follower Bornholm Island (Born)\u00a0<\/h2><p>&nbsp;<\/p><\/div>\n<\/div>\n\n\t\t\t\t<\/div>\n\t\t\t<\/div>\n<\/section>\n<section class=\"fw-main-row \"  >\n\t<span class=\"bg-image-overlay \" style=\"\"><\/span>\n\t<div class=\"fw-container unyson_content\">\n\t\t\t\t<div class=\"container\">\n\t\t\t\t<div class=\"fw-row\">\n\t<div class=\"fw-col-xs-12   \"  >\n\t\n\t<div class=\"fw-divider-space\" style=\"margin-top: 50px;\"><\/div>\n\n<\/div>\n<\/div>\n\n<div class=\"fw-row\">\n\t<div class=\"fw-col-xs-12 fw-col-sm-4   \"  >\n\t<span class=\"unyson-media-image\"><img src=\"https:\/\/vpp4islands.eu\/wp-content\/uploads\/2021\/03\/8-0-350x300.jpg\" alt=\"https:\/\/vpp4islands.eu\/wp-content\/uploads\/2021\/03\/8-0-350x300.jpg\" width=\"350\" height=\"300\" \/><\/span>\n\t<div class=\"fw-divider-space\" style=\"margin-top: 50px;\"><\/div>\n\n<\/div>\n<div class=\"fw-col-xs-12 fw-col-sm-4   \"  >\n\t<span class=\"unyson-media-image\"><img src=\"https:\/\/vpp4islands.eu\/wp-content\/uploads\/2021\/03\/aces-project_nuvve-corp-350x300.jpeg\" alt=\"https:\/\/vpp4islands.eu\/wp-content\/uploads\/2021\/03\/aces-project_nuvve-corp-350x300.jpeg\" width=\"350\" height=\"300\" \/><\/span>\n\t<div class=\"fw-divider-space\" style=\"margin-top: 50px;\"><\/div>\n\n<\/div>\n<div class=\"fw-col-xs-12 fw-col-sm-4   \"  >\n\t<span class=\"unyson-media-image\"><img src=\"https:\/\/vpp4islands.eu\/wp-content\/uploads\/2021\/03\/Bornholms-350x300.jpg\" alt=\"https:\/\/vpp4islands.eu\/wp-content\/uploads\/2021\/03\/Bornholms-350x300.jpg\" width=\"350\" height=\"300\" \/><\/span>\n\t<div class=\"fw-divider-space\" style=\"margin-top: 50px;\"><\/div>\n\n<\/div>\n<\/div>\n\n<div class=\"fw-row\">\n\t<div class=\"fw-col-xs-12   \"  >\n\t\n\t<div class=\"fw-divider-space\" style=\"margin-top: 50px;\"><\/div>\n\n<\/div>\n<\/div>\n\n<div class=\"fw-row\">\n\t<div class=\"fw-col-xs-12   \"  >\n\t<p style=\"text-align: justify;\">Bornholm island has already taken many steps towards decarbonization, especially in the district heating system, where local biomass is the main fuel. About 65 % of the consumed electricity is produced on the island, with a combination of wind turbines, PV, biogass, and a woodchip fueled CHP. The electric connection to the mainland (seacable to Sweden) has a limited capacity (60 MW), and the introduction of more electricity production from Wind and PV will require a VPP setup, to align the consumption better with production, especially I periods when the sea-cable will have to little capacity to export surplus production. VPP4Islands platform will simulate the integration of the 100 MW wind turbine capacity, placed offshore along with the island energy-system, by coupling the electric system with the district heating system. The actions of the interventions developed in the project, together with a 25 MW power-to-X capacity, and 10 MW electric boilers, at the CHP will be explored by the means of an already developed simulation model of the total energy system on the island. Plans for the 100 MW Wind park is currently being developed by a citizen initiative, to be implemented in 2025.<\/p><\/div>\n<\/div>\n\n\t\t\t\t<\/div>\n\t\t\t<\/div>\n<\/section>\n<\/p>\n","protected":false},"excerpt":{"rendered":"<p>\u00a0DEMO SITE 1Mix storage approaches: Leading G\u00f6k\u00e7eada island (UEDAS)\u00a0 &nbsp;G\u00f6k\u00e7eada Island is connected with submarine cable to mainland. The consumption demand of G\u00f6k\u00e7eada island is<span class=\"excerpt-more\"><a href=\"https:\/\/vpp4islands.eu\/index.php\/demo-site\/\" class=\"more-link\"> [&hellip;] <span class=\"screen-reader-text\">DEMO SITES<\/span><\/a><\/span><\/p>\n","protected":false},"author":1,"featured_media":0,"parent":0,"menu_order":0,"comment_status":"closed","ping_status":"closed","template":"page-wo-sidebar.php","meta":{"_vp_format_video_url":"","_vp_image_focal_point":[]},"_links":{"self":[{"href":"https:\/\/vpp4islands.eu\/index.php\/wp-json\/wp\/v2\/pages\/25"}],"collection":[{"href":"https:\/\/vpp4islands.eu\/index.php\/wp-json\/wp\/v2\/pages"}],"about":[{"href":"https:\/\/vpp4islands.eu\/index.php\/wp-json\/wp\/v2\/types\/page"}],"author":[{"embeddable":true,"href":"https:\/\/vpp4islands.eu\/index.php\/wp-json\/wp\/v2\/users\/1"}],"replies":[{"embeddable":true,"href":"https:\/\/vpp4islands.eu\/index.php\/wp-json\/wp\/v2\/comments?post=25"}],"version-history":[{"count":82,"href":"https:\/\/vpp4islands.eu\/index.php\/wp-json\/wp\/v2\/pages\/25\/revisions"}],"predecessor-version":[{"id":1333,"href":"https:\/\/vpp4islands.eu\/index.php\/wp-json\/wp\/v2\/pages\/25\/revisions\/1333"}],"wp:attachment":[{"href":"https:\/\/vpp4islands.eu\/index.php\/wp-json\/wp\/v2\/media?parent=25"}],"curies":[{"name":"wp","href":"https:\/\/api.w.org\/{rel}","templated":true}]}}